{"id":173,"date":"2022-04-15T12:39:58","date_gmt":"2022-04-15T12:39:58","guid":{"rendered":"https:\/\/zvashijak.edu.al\/?page_id=173"},"modified":"2024-03-25T08:31:26","modified_gmt":"2024-03-25T08:31:26","slug":"provimet-kombetare-te-arsimit-baze","status":"publish","type":"page","link":"http:\/\/zvashijak.edu.al\/index.php\/provimet-kombetare-te-arsimit-baze\/","title":{"rendered":"Provimet Kombetare te Arsimit Baze"},"content":{"rendered":"<p>&nbsp;<\/p>\n<p><a href=\"http:\/\/zvashijak.edu.al\/wp-content\/uploads\/2024\/03\/Udhezim-nr.4-date-28.2.2024-Organizim-PKAB.pdf\">Udhezim nr.4 date 28.2.2024 Organizim PKAB 2023-2024<\/a><\/p>\n<p><a href=\"http:\/\/zvashijak.edu.al\/wp-content\/uploads\/2024\/03\/Urdher-nr.74-date-15.02.2024-Per-miratimin-e-rregullores-per-zhvillimin-e-provimeve-kombetare-te-arsimit-baze.pdf\">Urdher nr.74 date 15.02.2024 Per miratimin e rregullores per zhvillimin e provimeve kombetare te arsimit baze<\/a><\/p>\n<p>Udh\u00ebzimi nr 5 dat\u00eb 17.02.2023\u00a0 P\u00ebr zhvillimi e provimeve komb\u00ebtare t\u00eb arsimit baz\u00eb ,n\u00eb Republik\u00ebn e Shqip\u00ebris\u00eb , viti shkollor\u00a0 2022-2023\u00a0 sesioni 1<\/p>\n<p><a href=\"https:\/\/arsimi.gov.al\/wp-content\/uploads\/2023\/02\/Udhezim-Nr.5-date-17.2.2023-Prv.-Arsimi-Baze.pdf\">https:\/\/arsimi.gov.al\/wp-content\/uploads\/2023\/02\/Udhezim-Nr.5-date-17.2.2023-Prv.-Arsimi-Baze.pdf<\/a><\/p>\n","protected":false},"excerpt":{"rendered":"<p>&nbsp; Udhezim nr.4 date 28.2.2024 Organizim PKAB 2023-2024 Urdher nr.74 date 15.02.2024 Per miratimin e rregullores per zhvillimin e provimeve kombetare te arsimit baze Udh\u00ebzimi nr 5 dat\u00eb 17.02.2023\u00a0 P\u00ebr zhvillimi e provimeve komb\u00ebtare t\u00eb arsimit baz\u00eb ,n\u00eb Republik\u00ebn e Shqip\u00ebris\u00eb , viti shkollor\u00a0 2022-2023\u00a0 sesioni 1 https:\/\/arsimi.gov.al\/wp-content\/uploads\/2023\/02\/Udhezim-Nr.5-date-17.2.2023-Prv.-Arsimi-Baze.pdf<\/p>\n","protected":false},"author":1,"featured_media":0,"parent":0,"menu_order":0,"comment_status":"closed","ping_status":"closed","template":"","meta":{"site-sidebar-layout":"default","site-content-layout":"default","ast-main-header-display":"","ast-hfb-above-header-display":"","ast-hfb-below-header-display":"","ast-hfb-mobile-header-display":"","site-post-title":"","ast-breadcrumbs-content":"","ast-featured-img":"","footer-sml-layout":"","theme-transparent-header-meta":"default","adv-header-id-meta":"","stick-header-meta":"","header-above-stick-meta":"","header-main-stick-meta":"","header-below-stick-meta":"","footnotes":""},"class_list":["post-173","page","type-page","status-publish","hentry"],"_links":{"self":[{"href":"http:\/\/zvashijak.edu.al\/index.php\/wp-json\/wp\/v2\/pages\/173","targetHints":{"allow":["GET"]}}],"collection":[{"href":"http:\/\/zvashijak.edu.al\/index.php\/wp-json\/wp\/v2\/pages"}],"about":[{"href":"http:\/\/zvashijak.edu.al\/index.php\/wp-json\/wp\/v2\/types\/page"}],"author":[{"embeddable":true,"href":"http:\/\/zvashijak.edu.al\/index.php\/wp-json\/wp\/v2\/users\/1"}],"replies":[{"embeddable":true,"href":"http:\/\/zvashijak.edu.al\/index.php\/wp-json\/wp\/v2\/comments?post=173"}],"version-history":[{"count":4,"href":"http:\/\/zvashijak.edu.al\/index.php\/wp-json\/wp\/v2\/pages\/173\/revisions"}],"predecessor-version":[{"id":441,"href":"http:\/\/zvashijak.edu.al\/index.php\/wp-json\/wp\/v2\/pages\/173\/revisions\/441"}],"wp:attachment":[{"href":"http:\/\/zvashijak.edu.al\/index.php\/wp-json\/wp\/v2\/media?parent=173"}],"curies":[{"name":"wp","href":"https:\/\/api.w.org\/{rel}","templated":true}]}}