{"id":175,"date":"2022-04-15T12:40:19","date_gmt":"2022-04-15T12:40:19","guid":{"rendered":"https:\/\/zvashijak.edu.al\/?page_id=175"},"modified":"2024-03-25T08:32:53","modified_gmt":"2024-03-25T08:32:53","slug":"matura-shteterore","status":"publish","type":"page","link":"http:\/\/zvashijak.edu.al\/index.php\/matura-shteterore\/","title":{"rendered":"Matura Shteterore"},"content":{"rendered":"<p>&nbsp;<\/p>\n<p><a href=\"http:\/\/zvashijak.edu.al\/wp-content\/uploads\/2024\/03\/7658-1-Udhezim-i-perbashket-MFE-Nr.27-date-12.12.2023.pdf\">-Udhezim-i-perbashket-MFE-Nr.27-date-12.12.2023<\/a><\/p>\n<p><a href=\"http:\/\/zvashijak.edu.al\/wp-content\/uploads\/2024\/03\/Urdher-i-perbashket-MFE-nr.661-date-01.12.2023-Rregullore-e-MSH.pdf\">Urdher-i-perbashket-MFE-nr.661-date-01.12.2023-Rregullore-e-MSH<\/a><\/p>\n<p>&nbsp;<\/p>\n<h6>Fondi i Pyetjeve i Provimit te Informatizuar te Mjekesise 2023<\/h6>\n<p><a href=\"http:\/\/Fondi i Pyetjeve i Provimit te Informatizuar te Mjekesise 2023\">http:\/\/qsha.gov.al\/DPSH\/fondet_html\/Fondi%20i%20Pyetjeve%20i%20Provimit%20te%20Informatizuar%20te%20Mjekesise%202023.html<\/a><\/p>\n<p>Udh\u00ebzimi p\u00ebr datat e provimeve t\u00eb Matur\u00ebs Shtet\u00ebrore<\/p>\n<p><a href=\"https:\/\/arsimi.gov.al\/wp-content\/uploads\/2022\/02\/UDHEZIM-NR.1.DT_.19.1.2022.pdf\">https:\/\/arsimi.gov.al\/wp-content\/uploads\/2022\/02\/UDHEZIM-NR.1.DT_.19.1.2022.pdf<\/a><\/p>\n<p>&nbsp;<\/p>\n<p>Urdh\u00ebri i p\u00ebrbashk\u00ebt nr 108 dat\u00eb 04.03. 2022 &#8221; P\u00ebr miratimin e rregullores p\u00ebr zhvillimin e Matur\u00ebs Shtet\u00ebrore n\u00eb Republik\u00ebn e Shqip\u00ebris\u00eb.<\/p>\n<p><a href=\"https:\/\/arsimi.gov.al\/wp-content\/uploads\/2022\/03\/URDHERI-PERBASHKET-NR.108.DATE-4.3.2022.pdf\">https:\/\/arsimi.gov.al\/wp-content\/uploads\/2022\/03\/URDHERI-PERBASHKET-NR.108.DATE-4.3.2022.pdf<\/a><\/p>\n","protected":false},"excerpt":{"rendered":"<p>&nbsp; -Udhezim-i-perbashket-MFE-Nr.27-date-12.12.2023 Urdher-i-perbashket-MFE-nr.661-date-01.12.2023-Rregullore-e-MSH &nbsp; Fondi i Pyetjeve i Provimit te Informatizuar te Mjekesise 2023 http:\/\/qsha.gov.al\/DPSH\/fondet_html\/Fondi%20i%20Pyetjeve%20i%20Provimit%20te%20Informatizuar%20te%20Mjekesise%202023.html Udh\u00ebzimi p\u00ebr datat e provimeve t\u00eb Matur\u00ebs Shtet\u00ebrore https:\/\/arsimi.gov.al\/wp-content\/uploads\/2022\/02\/UDHEZIM-NR.1.DT_.19.1.2022.pdf &nbsp; Urdh\u00ebri i p\u00ebrbashk\u00ebt nr 108 dat\u00eb 04.03. 2022 &#8221; P\u00ebr miratimin e rregullores p\u00ebr zhvillimin e Matur\u00ebs Shtet\u00ebrore n\u00eb Republik\u00ebn e Shqip\u00ebris\u00eb. https:\/\/arsimi.gov.al\/wp-content\/uploads\/2022\/03\/URDHERI-PERBASHKET-NR.108.DATE-4.3.2022.pdf<\/p>\n","protected":false},"author":1,"featured_media":0,"parent":0,"menu_order":0,"comment_status":"closed","ping_status":"closed","template":"","meta":{"site-sidebar-layout":"default","site-content-layout":"default","ast-main-header-display":"","ast-hfb-above-header-display":"","ast-hfb-below-header-display":"","ast-hfb-mobile-header-display":"","site-post-title":"","ast-breadcrumbs-content":"","ast-featured-img":"","footer-sml-layout":"","theme-transparent-header-meta":"default","adv-header-id-meta":"","stick-header-meta":"","header-above-stick-meta":"","header-main-stick-meta":"","header-below-stick-meta":"","footnotes":""},"class_list":["post-175","page","type-page","status-publish","hentry"],"_links":{"self":[{"href":"http:\/\/zvashijak.edu.al\/index.php\/wp-json\/wp\/v2\/pages\/175","targetHints":{"allow":["GET"]}}],"collection":[{"href":"http:\/\/zvashijak.edu.al\/index.php\/wp-json\/wp\/v2\/pages"}],"about":[{"href":"http:\/\/zvashijak.edu.al\/index.php\/wp-json\/wp\/v2\/types\/page"}],"author":[{"embeddable":true,"href":"http:\/\/zvashijak.edu.al\/index.php\/wp-json\/wp\/v2\/users\/1"}],"replies":[{"embeddable":true,"href":"http:\/\/zvashijak.edu.al\/index.php\/wp-json\/wp\/v2\/comments?post=175"}],"version-history":[{"count":6,"href":"http:\/\/zvashijak.edu.al\/index.php\/wp-json\/wp\/v2\/pages\/175\/revisions"}],"predecessor-version":[{"id":445,"href":"http:\/\/zvashijak.edu.al\/index.php\/wp-json\/wp\/v2\/pages\/175\/revisions\/445"}],"wp:attachment":[{"href":"http:\/\/zvashijak.edu.al\/index.php\/wp-json\/wp\/v2\/media?parent=175"}],"curies":[{"name":"wp","href":"https:\/\/api.w.org\/{rel}","templated":true}]}}