{"id":213,"date":"2023-10-31T12:57:39","date_gmt":"2023-10-31T12:57:39","guid":{"rendered":"https:\/\/zvashijak.edu.al\/?page_id=213"},"modified":"2023-10-31T12:57:39","modified_gmt":"2023-10-31T12:57:39","slug":"urdhera-udhezime","status":"publish","type":"page","link":"http:\/\/zvashijak.edu.al\/index.php\/urdhera-udhezime\/","title":{"rendered":"Urdh\u00ebra\/ Udh\u00ebzime"},"content":{"rendered":"<p>&nbsp;<\/p>\n<p><a href=\"http:\/\/zvashijak.edu.al\/wp-content\/uploads\/2023\/10\/Rregullore-per-perdorimin-e-SMIP.pdf\">Rregullore pe\u0308r pe\u0308rdorimin e SMIP<\/a><\/p>\n<p>&nbsp;<\/p>\n<p>Urdh\u00ebri i p\u00ebrbashk\u00ebet nr 227 date 28.04.2022 &#8221; P\u00ebr miratimin e struktur\u00ebs s\u00eb vitit shkollor 2022-2023 n\u00eb sistemin arsimor parauniversitar&#8221;<\/p>\n<p>&nbsp;<\/p>\n","protected":false},"excerpt":{"rendered":"<p>&nbsp; Rregullore pe\u0308r pe\u0308rdorimin e SMIP &nbsp; Urdh\u00ebri i p\u00ebrbashk\u00ebet nr 227 date 28.04.2022 &#8221; P\u00ebr miratimin e struktur\u00ebs s\u00eb vitit shkollor 2022-2023 n\u00eb sistemin arsimor parauniversitar&#8221; &nbsp;<\/p>\n","protected":false},"author":3,"featured_media":0,"parent":0,"menu_order":0,"comment_status":"closed","ping_status":"closed","template":"","meta":{"site-sidebar-layout":"default","site-content-layout":"default","ast-main-header-display":"","ast-hfb-above-header-display":"","ast-hfb-below-header-display":"","ast-hfb-mobile-header-display":"","site-post-title":"","ast-breadcrumbs-content":"","ast-featured-img":"","footer-sml-layout":"","theme-transparent-header-meta":"default","adv-header-id-meta":"","stick-header-meta":"","header-above-stick-meta":"","header-main-stick-meta":"","header-below-stick-meta":"","footnotes":""},"class_list":["post-213","page","type-page","status-publish","hentry"],"_links":{"self":[{"href":"http:\/\/zvashijak.edu.al\/index.php\/wp-json\/wp\/v2\/pages\/213","targetHints":{"allow":["GET"]}}],"collection":[{"href":"http:\/\/zvashijak.edu.al\/index.php\/wp-json\/wp\/v2\/pages"}],"about":[{"href":"http:\/\/zvashijak.edu.al\/index.php\/wp-json\/wp\/v2\/types\/page"}],"author":[{"embeddable":true,"href":"http:\/\/zvashijak.edu.al\/index.php\/wp-json\/wp\/v2\/users\/3"}],"replies":[{"embeddable":true,"href":"http:\/\/zvashijak.edu.al\/index.php\/wp-json\/wp\/v2\/comments?post=213"}],"version-history":[{"count":3,"href":"http:\/\/zvashijak.edu.al\/index.php\/wp-json\/wp\/v2\/pages\/213\/revisions"}],"predecessor-version":[{"id":409,"href":"http:\/\/zvashijak.edu.al\/index.php\/wp-json\/wp\/v2\/pages\/213\/revisions\/409"}],"wp:attachment":[{"href":"http:\/\/zvashijak.edu.al\/index.php\/wp-json\/wp\/v2\/media?parent=213"}],"curies":[{"name":"wp","href":"https:\/\/api.w.org\/{rel}","templated":true}]}}