{"id":32,"date":"2022-04-13T09:50:35","date_gmt":"2022-04-13T09:50:35","guid":{"rendered":"http:\/\/zvavore.edu.al\/?page_id=32"},"modified":"2022-05-27T07:40:42","modified_gmt":"2022-05-27T07:40:42","slug":"zva-shijak","status":"publish","type":"page","link":"http:\/\/zvashijak.edu.al\/index.php\/zva-shijak\/","title":{"rendered":"ZVA SHIJAK"},"content":{"rendered":"<p>Arsimi p\u00ebrb\u00ebn nj\u00eb nga vlerat themelore t\u00eb shoq\u00ebris\u00eb dhe nj\u00eb nga \u00e7el\u00ebsat e t\u00eb ardhmes s\u00eb saj.<\/p>\n<p>Zyra Vendore Arsimore Shijak, \u00ebsht\u00eb strukturuar mb\u00ebshtetur n\u00eb Vendimin e K\u00ebshillit t\u00eb Ministrave Nr.99, dat\u00eb 27.02.2019 \u201cP\u00ebr krijimin, m\u00ebnyr\u00ebn e organizimit e t\u00eb funksionimit t\u00eb Drejtoris\u00eb s\u00eb P\u00ebrgjithshme t\u00eb Arsimit Parauniversitar\u201d\u00a0 dhe Urdh\u00ebrin e Ministris\u00eb s\u00eb Arsimit, Sportit dhe Rinis\u00eb Nr.234, dat\u00eb 19.04.2019 \u201cP\u00ebr miratimin e struktur\u00ebs dhe organik\u00ebs s\u00eb Zyrave Vendore t\u00eb Arsimit Parauniversitar\u201d.<\/p>\n<p>Zyra Vendore e Arsimit Parauniversitar Shijak ,\u00ebsht\u00eb p\u00ebrgjegj\u00ebse p\u00ebr funksionimin dhe mbar\u00ebvajtjen e institucioneve arsimore brenda juridiksionit t\u00eb tyre, duke siguruar cil\u00ebsin\u00eb e sh\u00ebrbimit arsimor parauniversitar n\u00eb nivel q\u00ebndror. Funksionimi i\u00a0ZVAP-s\u00eb\u00a0\u00ebsht\u00eb organizuar sipas struktur\u00ebs:<\/p>\n<p>-Drejtori i\u00a0ZVAP-s\u00eb,<\/p>\n<p>-Sektori i Sh\u00ebrbimeve,<\/p>\n<p>-Sektori i Monitorimit t\u00eb Kurrikul\u00ebs dhe Zhvillimit Profesional.<\/p>\n<p>N\u00ebn juridiksionin e Zyr\u00ebs Vendore Arsimore Parauniversitare Shijak \u00a0jan\u00eb 16 Institucione Arsimore :<\/p>\n<ul>\n<li>12 Shkolla 9 &#8211; vje\u00e7are Qend\u00ebr<\/li>\n<li>2 Shkolla Vart\u00ebse<\/li>\n<li>2 Gjimnaze\u00a0 t\u00eb P\u00ebrgjithshme<\/li>\n<\/ul>\n<p>Numri i nx\u00ebn\u00ebsve\u00a0 total 3274<\/p>\n<p>&nbsp;<\/p>\n","protected":false},"excerpt":{"rendered":"<p>Arsimi p\u00ebrb\u00ebn nj\u00eb nga vlerat themelore t\u00eb shoq\u00ebris\u00eb dhe nj\u00eb nga \u00e7el\u00ebsat e t\u00eb ardhmes s\u00eb saj. Zyra Vendore Arsimore Shijak, \u00ebsht\u00eb strukturuar mb\u00ebshtetur n\u00eb Vendimin e K\u00ebshillit t\u00eb Ministrave Nr.99, dat\u00eb 27.02.2019 \u201cP\u00ebr krijimin, m\u00ebnyr\u00ebn e organizimit e t\u00eb funksionimit t\u00eb Drejtoris\u00eb s\u00eb P\u00ebrgjithshme t\u00eb Arsimit Parauniversitar\u201d\u00a0 dhe Urdh\u00ebrin e Ministris\u00eb s\u00eb Arsimit, Sportit &hellip;<\/p>\n<p class=\"read-more\"> <a class=\"\" href=\"http:\/\/zvashijak.edu.al\/index.php\/zva-shijak\/\"> <span class=\"screen-reader-text\">ZVA SHIJAK<\/span> Read More &raquo;<\/a><\/p>\n","protected":false},"author":1,"featured_media":0,"parent":0,"menu_order":0,"comment_status":"closed","ping_status":"closed","template":"","meta":{"site-sidebar-layout":"default","site-content-layout":"default","ast-main-header-display":"","ast-hfb-above-header-display":"","ast-hfb-below-header-display":"","ast-hfb-mobile-header-display":"","site-post-title":"","ast-breadcrumbs-content":"","ast-featured-img":"","footer-sml-layout":"","theme-transparent-header-meta":"default","adv-header-id-meta":"","stick-header-meta":"","header-above-stick-meta":"","header-main-stick-meta":"","header-below-stick-meta":"","footnotes":""},"class_list":["post-32","page","type-page","status-publish","hentry"],"_links":{"self":[{"href":"http:\/\/zvashijak.edu.al\/index.php\/wp-json\/wp\/v2\/pages\/32","targetHints":{"allow":["GET"]}}],"collection":[{"href":"http:\/\/zvashijak.edu.al\/index.php\/wp-json\/wp\/v2\/pages"}],"about":[{"href":"http:\/\/zvashijak.edu.al\/index.php\/wp-json\/wp\/v2\/types\/page"}],"author":[{"embeddable":true,"href":"http:\/\/zvashijak.edu.al\/index.php\/wp-json\/wp\/v2\/users\/1"}],"replies":[{"embeddable":true,"href":"http:\/\/zvashijak.edu.al\/index.php\/wp-json\/wp\/v2\/comments?post=32"}],"version-history":[{"count":6,"href":"http:\/\/zvashijak.edu.al\/index.php\/wp-json\/wp\/v2\/pages\/32\/revisions"}],"predecessor-version":[{"id":220,"href":"http:\/\/zvashijak.edu.al\/index.php\/wp-json\/wp\/v2\/pages\/32\/revisions\/220"}],"wp:attachment":[{"href":"http:\/\/zvashijak.edu.al\/index.php\/wp-json\/wp\/v2\/media?parent=32"}],"curies":[{"name":"wp","href":"https:\/\/api.w.org\/{rel}","templated":true}]}}