{"id":34,"date":"2022-04-13T09:51:35","date_gmt":"2022-04-13T09:51:35","guid":{"rendered":"http:\/\/zvavore.edu.al\/?page_id=34"},"modified":"2026-02-12T10:46:00","modified_gmt":"2026-02-12T10:46:00","slug":"njoftime","status":"publish","type":"page","link":"http:\/\/zvashijak.edu.al\/index.php\/njoftime\/","title":{"rendered":"NJOFTIME"},"content":{"rendered":"<p><a href=\"http:\/\/zvashijak.edu.al\/wp-content\/uploads\/2026\/02\/Njoftimi-ZVAP-Shijak.pdf\">Njoftimi ZVAP Shijak<\/a> p\u00ebr kualifikimin e mesuesve\u00a0 2025-2026\u00a0<\/p>\r\n<p><a href=\"http:\/\/zvashijak.edu.al\/wp-content\/uploads\/2025\/04\/Njoftim-per-Aplikimin-per-Pjesemarrje-ne-Provimin-e-Shtetit-ne-Profesionin-e-Rregulluar-te-Mesuesit-Sezoni-XX.pdf\">Njoftim-per-Aplikimin-per-Pjesemarrje-ne-Provimin-e-Shtetit-ne-Profesionin-e-Rregulluar-te-Mesuesit-Sezoni-XX<\/a><\/p>\r\n<p><\/p>\r\n<p><a href=\"http:\/\/zvashijak.edu.al\/wp-content\/uploads\/2024\/10\/koordinatoret-f2.pdf\">koordinatoret f2<\/a> Lista e kandiateve<\/p>\r\n<p><a href=\"http:\/\/zvashijak.edu.al\/wp-content\/uploads\/2024\/10\/shpallje-koordiantor-cilesie-karriere-15.10.2024.pdf\">shpallje koordiantor cilesie karriere 15.10.2024<\/a><\/p>\r\n<p><a href=\"http:\/\/zvashijak.edu.al\/wp-content\/uploads\/2024\/10\/gjuhe-Frenge.pdf\">Gjuhe Frenge<\/a> 2024\u00a0<\/p>\r\n<p><a href=\"http:\/\/zvashijak.edu.al\/wp-content\/uploads\/2024\/10\/Gjuha-Frenge-2024-pikezimi.pdf\">Gjuha Frenge 2024 pikezimi<\/a><\/p>\r\n<p><a href=\"http:\/\/zvashijak.edu.al\/wp-content\/uploads\/2024\/10\/Lista-koordinator-cilesie-karriere.pdf\">Lista koordinator cilesie, karriere<\/a> 2024-2025<\/p>\r\n<p><a href=\"http:\/\/zvashijak.edu.al\/wp-content\/uploads\/2024\/10\/ZVAP-SHIJAK.pdf\">ZVAP SHIJAK<\/a> Lista e portalit 2024-2025<\/p>\r\n<p><a href=\"http:\/\/zvashijak.edu.al\/wp-content\/uploads\/2024\/10\/AF-PIKEZIMI-.pdf\">AF PIKEZIMI<\/a><\/p>\r\n<p><a href=\"http:\/\/zvashijak.edu.al\/wp-content\/uploads\/2024\/09\/shpallje-koordiantor-cilesie-karriere-20.09.2024.pdf\">shpallje koordiantor cilesie karriere 20.09.2024<\/a> ZVAP Shijak\u00a0<\/p>\r\n<p><a href=\"http:\/\/zvashijak.edu.al\/wp-content\/uploads\/2024\/09\/Vende-te-lira-ZVAP-Shijak-.pdf\">Vende te lira ZVAP Shijak<\/a> 2024-2025\u00a0<\/p>\r\n<p>Njoftimi dhe lista paraprake e Levizjeve Paralele 2024 \u00a0\u00a0 \u00a0<a href=\"http:\/\/zvashijak.edu.al\/wp-content\/uploads\/2024\/07\/Njoftim.pdf\">Njoftim<\/a>\u00a0 nga DRAP Durr\u00ebs\u00a0 \u00a0 \u00a0 <a href=\"http:\/\/zvashijak.edu.al\/wp-content\/uploads\/2024\/07\/Lista-paraprake-e-levizjeve-paralele-me-deshire-2024.pdf\">Lista-paraprake-e-levizjeve-paralele-me-deshire-2024<\/a><\/p>\r\n<p><a href=\"http:\/\/zvashijak.edu.al\/wp-content\/uploads\/2024\/10\/Lista-iap-Praktika-Profesionale-2024-2025.pdf\">Lista iap Praktika Profesionale 2024-2025<\/a><\/p>\r\n<p>Njoftim p\u00ebr\u00a0 proceduren e aplikimit ne portalin M\u00ebsues p\u00ebr Shqip\u00ebrin\u00eb <a href=\"http:\/\/zvashijak.edu.al\/wp-content\/uploads\/2024\/07\/Njoftim-procedura-Portali-mesues-per-shqiperine-.pdf\">Njoftim procedura Portali mesues per shqiperine 2024-2025\u00a0<\/a><\/p>\r\n<p><a href=\"http:\/\/qsha.gov.al\/DPSH\/materiale\/njoftime\/Njoftim%20p%C3%ABr%20Aplikimin%20p%C3%ABr%20Regjistrim%20n%C3%AB%20Provimin%20e%20Shtetit%20n%C3%AB%20Profesionin%20e%20Rregulluar%20t%C3%AB%20M%C3%ABsuesit%20Sezoni%20XIX.pdf\" target=\"_blank\" rel=\"noopener\">Njoftim p\u00ebr Aplikimin p\u00ebr Regjistrim n\u00eb Provimin e Shtetit n\u00eb Profesionin e Rregulluar t\u00eb M\u00ebsuesit Sezoni XIX<\/a><\/p>\r\n<p>&nbsp;<\/p>\r\n<p>&nbsp;<\/p>\r\n<p>Kualifikimi i m\u00ebsuesve\u00a0 viti shkollor\u00a0 2023-2024 <a href=\"http:\/\/zvashijak.edu.al\/wp-content\/uploads\/2024\/02\/CamScanner-2024-01-31-10.55-2.pdf\">Kualifikimi\u00a0 2023-2024\u00a0<\/a><\/p>\r\n<p><a href=\"http:\/\/zvashijak.edu.al\/wp-content\/uploads\/2024\/01\/Shpallja-e-listave-dr.IA_-1.pdf\">Shpallja-e-listave-dr.IA_-1\u00a0 \u00a0<\/a><\/p>\r\n<p>Aderesa Zyra Vendore Arsimore Shijak, Lagjia Kod\u00ebr , Shijak\u00a0 : e-mail : zvashijak@arsimi.gov.al\u00a0<\/p>\r\n<p><a href=\"http:\/\/zvashijak.edu.al\/wp-content\/uploads\/2024\/01\/10.01.2024-vend-pune.pdf\">Njoftim 10.01.2024 vend pune<\/a><\/p>\r\n<p>Njoftim\u00a0 <a href=\"http:\/\/zvashijak.edu.al\/wp-content\/uploads\/2023\/12\/SHPALLJE-VENDI-21.12.2023-.pdf\">SHPALLJE VENDI 21.12.2023<\/a><\/p>\r\n<p><a href=\"http:\/\/zvashijak.edu.al\/wp-content\/uploads\/2023\/12\/Pikezimi-Matematike-gjuhe-Frenge11.2023.xlsx\">Pikezimi\u00a0 i kandidateve te profilit\u00a0 Matematike dhe Gjuhe Frenge.<\/a><\/p>\r\n<p>Njoftim p\u00ebr Provimin e Shtetit\u00a0 <a href=\"http:\/\/zvashijak.edu.al\/wp-content\/uploads\/2023\/10\/provimi-licenses.pdf\">provimi licenses<\/a><\/p>\r\n<p>&nbsp;<\/p>\r\n<p>Njoftime per vende\u00a0 pune <a href=\"http:\/\/zvashijak.edu.al\/wp-content\/uploads\/2023\/10\/njoftim-per-vende-pune-2023.pdf\">njoftim per vende pune 2023\u00a0 \u00a0njoftim <\/a><a href=\"http:\/\/zvashijak.edu.al\/wp-content\/uploads\/2023\/10\/05.10.2023.pdf\">05.10.2023\u00a0 <\/a><a href=\"http:\/\/zvashijak.edu.al\/wp-content\/uploads\/2023\/10\/Gjuhe-Angleze-1.pdf\">Gjuhe Angleze\u00a0 <\/a><a href=\"http:\/\/zvashijak.edu.al\/wp-content\/uploads\/2023\/10\/Matematik-31.10.2023.pdf\">Matematik<\/a>\u00eb\u00a0\u00a0<\/p>\r\n<p>&nbsp;<\/p>\r\n<p><a href=\"http:\/\/zvashijak.edu.al\/wp-content\/uploads\/2023\/10\/Publikimi-ne-ueb-MAS-i-Programit-YES.pdf\">Projekti i-Programit-YES<\/a><\/p>\r\n<p>Njoftim vende\u00a0 Shijak \u00a0<a href=\"http:\/\/zvashijak.edu.al\/wp-content\/uploads\/2023\/09\/zva-shijak-vende-1-1.pdf\">zva shijak vende <\/a> <a href=\"http:\/\/zvashijak.edu.al\/wp-content\/uploads\/2023\/09\/zva-shijak-vende-1-2.pdf\">zva shijak vende 1<\/a> <a href=\"http:\/\/zvashijak.edu.al\/wp-content\/uploads\/2023\/09\/zva-shijak-2.pdf\">zva shijak <\/a> <a href=\"http:\/\/zvashijak.edu.al\/wp-content\/uploads\/2023\/09\/zva-shijak-v3.pdf\">zva shijak <\/a>\u00a0 <a href=\"http:\/\/zvashijak.edu.al\/wp-content\/uploads\/2023\/09\/zva-shijak-vende-4.pdf\">zva shijak vende 4 <\/a><a href=\"http:\/\/zvashijak.edu.al\/wp-content\/uploads\/2023\/10\/zva.pdf\">zva<\/a><\/p>\r\n<p>&nbsp;<\/p>\r\n<p>&nbsp;<\/p>\r\n<p>R\u00ebndita e\u00a0 Intitucione Arsimore n\u00eb Kart\u00ebn e Performanc\u00ebs <a href=\"http:\/\/zvashijak.edu.al\/wp-content\/uploads\/2023\/10\/RENDTIJA-E-ARSIMIT-BAZE-NE-ZVAP-SHIJAK-KPSH-2023.pdf\">RENDTIJA E ARSIMIT BAZE NE ZVAP SHIJAK (KPSH) 2023.<\/a> <a href=\"http:\/\/zvashijak.edu.al\/wp-content\/uploads\/2023\/10\/RENDTIJA-E-GJIMNAZEVE-NE-ZVAP-SHIJAK-KPSH-2023.pdf\">RENDTIJA E GJIMNAZEVE NE ZVAP SHIJAK (KPSH) 2023.<\/a><\/p>\r\n<p><a href=\"http:\/\/zvashijak.edu.al\/wp-content\/uploads\/2023\/08\/Urdher-per-miratimin-e-periudhes-se-aplikimit-me-formularin-A1Z-per-MSH23.pdf\">Urdher per miratimin e periudhes se aplikimit me formularin A1Z per MSH23<\/a><\/p>\r\n<p>&nbsp;<\/p>\r\n<p><a href=\"http:\/\/zvashijak.edu.al\/wp-content\/uploads\/2023\/08\/Praktika-profesionale-2023-24-1.pdf\">Per zhvillimin e praktikes profesionale ne profesionin e rregulluar te mesuesit per vitin mesimor 2023-2024<\/a><\/p>\r\n<p><a href=\"http:\/\/zvashijak.edu.al\/wp-content\/uploads\/2024\/10\/LISTA-E-IAPP-PRAKTIKA-PROFESIONALE-2023-2024-.pdf\">LISTA E IAPP -PRAKTIKA PROFESIONALE 2023-2024<\/a><\/p>\r\n<p><a href=\"http:\/\/zvashijak.edu.al\/wp-content\/uploads\/2023\/08\/Document-5-1_rotated.pdf\">Lista e IAPP per mentor te praktikave profesionale per vitin shkollor 2023-2024<\/a><\/p>\r\n<p><a href=\"http:\/\/zvashijak.edu.al\/wp-content\/uploads\/2023\/08\/CCF08172023_0003-1-1.pdf\">Mbi regjistrimet n\u00eb institucionet e arsimit parauniversitar p\u00ebr vitin shkollor 2023-2024<\/a><\/p>\r\n<p><a href=\"http:\/\/zvashijak.edu.al\/wp-content\/uploads\/2023\/06\/Renditja-e-arsimit-parashkollorZVAP-SHIJAK.pdf\">Portali\u00a0 Mesues per Shqiperine\u00a0 2023-2024 Renditja e arsimit parashkollor ZVAP SHIJAK\u00a0<\/a><\/p>\r\n<p><a href=\"http:\/\/zvashijak.edu.al\/wp-content\/uploads\/2023\/05\/Levizja-paralele-2023-2024.pdf\">\u00a0 \u00a0 Njoftim p\u00ebr l\u00ebvizjen paralele\u00a0 \u00a0 L\u00ebvizja paralele 2023-2024<\/a><\/p>\r\n<p><a href=\"http:\/\/zvashijak.edu.al\/wp-content\/uploads\/2023\/02\/Udhezim-Nr.2-date-8.2.2023-Kriteret-dhe-procedurat-e-kualifikimit-te-mesuesve-1.pdf\">Udhezim Nr.2 date 8.2.2023 Kriteret dhe procedurat e kualifikimit te mesuesve\u00a0<\/a><\/p>\r\n<p><a href=\"http:\/\/zvashijak.edu.al\/wp-content\/uploads\/2023\/02\/Per-zhvillimin-e-provimi-te-shtetit-ne-profesionin-e-rregulluar-te-mesuesit.pdf\">P\u00ebr zhvillimin e provimi te shtetit n\u00eb profesionin e rregulluar t\u00eb m\u00ebsuesit<\/a> 2023\u00a0<\/p>\r\n<p><a href=\"http:\/\/zvashijak.edu.al\/wp-content\/uploads\/2023\/01\/Njoftimi-per-fillimin-e-bisedimeve-per-kontraten-kolektive-te-punes-ne-arsim.pdf\">Njoftimi per fillimin e bisedimeve per kontraten kolektive te punes ne arsim<\/a><\/p>\r\n<p><a href=\"http:\/\/zvashijak.edu.al\/wp-content\/uploads\/2022\/12\/Njoftim-mbi-zhvillimin-e-Praktikes-Profesionale-2022-2023-sesioni-II.pdf\">Njoftim mbi zhvillimin e Praktikes Profesionale 2022-2023 periudha e\u00a0 II<\/a><\/p>\r\n<p><a href=\"http:\/\/zvashijak.edu.al\/wp-content\/uploads\/2022\/11\/Shpallja-nr-2886Prot-date-15.11.2022.pdf\">Shpallja p\u00ebr vendin e pun\u00ebs vakant pozicioni Drejtor n\u00eb shkoll\u00ebn 9-vje\u00e7are&#8221;Hamza Vlashi&#8221; Maminas Shpallja nr 2886Prot date 15.11.2022<\/a><\/p>\r\n<p>Shpallje vende Pune Provizore\/ Vakante\u00a0 <a href=\"http:\/\/zvashijak.edu.al\/wp-content\/uploads\/2022\/11\/Shpallje-vend-Vakant-Matematik...pdf\">Shpallje vend Vakant Matematik..<\/a><a href=\"http:\/\/zvashijak.edu.al\/wp-content\/uploads\/2022\/11\/Shpallje-vend-Prozivor_Edukim-Fizik.-1.pdf\">Shpallje vend Prozivor_Edukim Fizik.<\/a><\/p>\r\n<p>Pik\u00ebzimi i dosjeve\u00a0 <a href=\"http:\/\/zvashijak.edu.al\/wp-content\/uploads\/2022\/10\/pikezimi-Edukim-Muzikor.pdf\">pikezimi Edukim Muzikor<\/a> <a href=\"http:\/\/zvashijak.edu.al\/wp-content\/uploads\/2022\/10\/Pikezimi-Matematike.pdf\">Pikezimi Matematike<\/a><\/p>\r\n<p>\u00a0<a href=\"http:\/\/zvashijak.edu.al\/wp-content\/uploads\/2022\/10\/Shpallje-vend-Prozivor-Matematike.pdf\">Shpallje vend Prozivor Matematike<\/a><\/p>\r\n<p><a href=\"http:\/\/zvashijak.edu.al\/wp-content\/uploads\/2022\/09\/Njoftim-mbi-zhvillimin-e-Praktikes-Profesionale-2022-2023.pdf\">Njoftim mbi zhvillimin e Praktikes Profesionale 2022-2023<\/a><\/p>\r\n<p><a href=\"http:\/\/zvashijak.edu.al\/wp-content\/uploads\/2022\/09\/LISTA-E-IAPP-PRAKTIKA-PROFESIONALE-2022-2023-ZVAP-Shijak.xlsx\">LISTA E IAPP -PRAKTIKA PROFESIONALE 2022-2023 ZVAP Shijak<\/a><\/p>\r\n<p>&nbsp;<\/p>\r\n<p><a href=\"http:\/\/zvashijak.edu.al\/wp-content\/uploads\/2022\/08\/Njoftim-mbi-levizjet-paralele-ZVAP-Shijak.pdf\">Njoftim mbi levizjet paralele \/me deshire \/ te detyrushme ne <\/a><a href=\"http:\/\/zvashijak.edu.al\/wp-content\/uploads\/2022\/08\/Njoftim-mbi-levizjet-paralele-ZVAP-Shijak.pdf\">ZVAP Shijak<\/a><\/p>\r\n<p>&nbsp;<\/p>\r\n<p><a href=\"http:\/\/zvashijak.edu.al\/wp-content\/uploads\/2022\/07\/Vlersimi-i-kandidateve-levizje-me-deshireme-detyrim.pdf\">Vlersimi i kandidateve levizje parale <\/a><a href=\"http:\/\/zvashijak.edu.al\/wp-content\/uploads\/2022\/07\/Vlersimi-i-kandidateve-levizje-me-deshireme-detyrim.pdf\">me deshire,me detyrim ZVAP Shijak<\/a><\/p>\r\n<p><a href=\"http:\/\/zvashijak.edu.al\/wp-content\/uploads\/2022\/07\/Vlersimi-i-kandidateve-per-levizje-paraleleme-deshiredetyrueshme.pdf\">Vlersimi i kandidateve per levizje paralele\/me deshire\/detyrueshme ne ZVAP Shijak\u00a0<\/a><\/p>\r\n<p>Njoftim p\u00ebr shpallje t\u00eb vendeve Vakante\/Provizore n\u00eb ZVAP Shijak 2022-2023<a href=\"http:\/\/zvashijak.edu.al\/wp-content\/uploads\/2022\/07\/Shpallja-e-vendeve-vakante-ZVAP-Shijak.pdf\">Shpallja e vendeve vakante \/provizore ZVAP Shijak<\/a><\/p>\r\n<p>&nbsp;<\/p>\r\n<p>Udh\u00ebzimi p\u00ebr l\u00ebvizjen paralele 2022 <a href=\"http:\/\/zvashijak.edu.al\/wp-content\/uploads\/2022\/07\/urdher-levizje-paralele.pdf\">urdher levizje paralele<\/a><\/p>\r\n<p>&nbsp;<\/p>\r\n<p>&nbsp;<\/p>\r\n<p>Udhezimi nr\u00a0 10 date 16.05.2022 &#8220;Per certefikimin e hartuesve t\u00eb testeve dhe vler\u00ebsuesve t\u00eb provimeve komb\u00ebtare&#8221;\u00a0<\/p>\r\n<p><a href=\"https:\/\/arsimi.gov.al\/wp-content\/uploads\/2022\/05\/Udhezim-nr.11-date-16.05.2022-Per-certifikimin-e-hartuesve-te-testeve-dhe-vleresuesve-te-provimeve-kombetarepdf.pdf\">https:\/\/arsimi.gov.al\/wp-content\/uploads\/2022\/05\/Udhezim-nr.11-date-16.05.2022-Per-certifikimin-e-hartuesve-te-testeve-dhe-vleresuesve-te-provimeve-kombetarepdf.pdf<\/a><\/p>\r\n<p>ZVAP SHIJAK &#8220;Shpallje e k\u00ebrkes\u00ebs p\u00ebr aplikime p\u00ebr vler\u00ebsues t\u00eb testeve t\u00eb Provimeve Komb\u00ebtare t\u00eb Arsimit Baz\u00eb&#8221;\u00a0<\/p>\r\n<p><a href=\"http:\/\/zvashijak.edu.al\/wp-content\/uploads\/2022\/05\/shpallje-e-kerkeses-per-aplikime-per-vleresues.pdf\">Shpallje e kerkeses per aplikime per vleresues<\/a><\/p>\r\n<p>&nbsp;<\/p>\r\n<div class=\"pt-cv-wrapper\"><div class=\"pt-cv-view pt-cv-grid pt-cv-colsys\" id=\"pt-cv-view-3434f2c1sn\"><div data-id=\"pt-cv-page-1\" class=\"pt-cv-page\" data-cvc=\"1\"><div class=\"col-md-12 col-sm-12 col-xs-12 pt-cv-content-item pt-cv-1-col\" ><div class='pt-cv-ifield'><h4 class=\"pt-cv-title\"><a href=\"http:\/\/zvashijak.edu.al\/index.php\/2026\/02\/12\/njoftim-per-kualifikimin-e-punonjsesve-mesimore2025-2026\/\" class=\"_blank\" target=\"_blank\" >Njoftim p\u00ebr kualifikimin e punonjs\u00ebsve mesimore2025-2026<\/a><\/h4><\/div><\/div>\n<div class=\"col-md-12 col-sm-12 col-xs-12 pt-cv-content-item pt-cv-1-col\" ><div class='pt-cv-ifield'><h4 class=\"pt-cv-title\"><a href=\"http:\/\/zvashijak.edu.al\/index.php\/2025\/09\/04\/njoftim-per-kandidatet-e-interesuar\/\" class=\"_blank\" target=\"_blank\" >Njoftim p\u00ebr kandidat\u00ebt e interesuar<\/a><\/h4><\/div><\/div>\n<div class=\"col-md-12 col-sm-12 col-xs-12 pt-cv-content-item pt-cv-1-col\" ><div class='pt-cv-ifield'><h4 class=\"pt-cv-title\"><a href=\"http:\/\/zvashijak.edu.al\/index.php\/2025\/08\/01\/njoftim-per-hapje-procedure-per-koordinator-cilesie\/\" class=\"_blank\" target=\"_blank\" >Njoftim p\u00ebr  hapje pro\u00e7edure p\u00ebr koordinator cil\u00ebsie<\/a><\/h4><\/div><\/div>\n<div class=\"col-md-12 col-sm-12 col-xs-12 pt-cv-content-item pt-cv-1-col\" ><div class='pt-cv-ifield'><h4 class=\"pt-cv-title\"><a href=\"http:\/\/zvashijak.edu.al\/index.php\/2025\/07\/24\/njoftim-per-listen-paraprake-te-kanditateve-te-vleresuar-per-sherbimin-psiko-social-drap-durres\/\" class=\"_blank\" target=\"_blank\" >NJOFTIM P\u00cbR LIST\u00cbN PARAPRAKE T\u00cb KANDITAT\u00cbVE T\u00cb VLER\u00cbSUAR P\u00cbR SH\u00cbRBIMIN PSIKO-SOCIAL DRAP DURR\u00cbS<\/a><\/h4><\/div><\/div>\n<div class=\"col-md-12 col-sm-12 col-xs-12 pt-cv-content-item pt-cv-1-col\" ><div class='pt-cv-ifield'><h4 class=\"pt-cv-title\"><a href=\"http:\/\/zvashijak.edu.al\/index.php\/2025\/07\/15\/njoftim-mbi-vleresimin-e-dosjeve-te-kandidateve-qe-kane-aplikuar-per-levizje-paralele-me-deshire-ne-drap-durres\/\" class=\"_blank\" target=\"_blank\" >Njoftim mbi vler\u00ebsimin e dosjeve t\u00eb kandidat\u00ebve q\u00eb kan\u00eb aplikuar p\u00ebr levizje paralele me d\u00ebshir\u00eb n\u00eb DRAP Durr\u00ebs<\/a><\/h4><\/div><\/div>\n<div class=\"col-md-12 col-sm-12 col-xs-12 pt-cv-content-item pt-cv-1-col\" ><div class='pt-cv-ifield'><h4 class=\"pt-cv-title\"><a href=\"http:\/\/zvashijak.edu.al\/index.php\/2025\/07\/14\/njoftim-mbi-realizimin-e-procedurave-te-konkurimit-per-mesues-koordinator-per-sigurimin-e-cilesise-dhe-keshillim-karriere\/\" class=\"_blank\" target=\"_blank\" >NJOFTIM MBI  REALIZIMIN E PROCEDURAVE  TE KONKURIMIT PER MESUES  KOORDINATOR  PER SIGURIMIN E  CILESISE DHE KESHILLIM KARRIERE<\/a><\/h4><\/div><\/div>\n<div class=\"col-md-12 col-sm-12 col-xs-12 pt-cv-content-item pt-cv-1-col\" ><div class='pt-cv-ifield'><h4 class=\"pt-cv-title\"><a href=\"http:\/\/zvashijak.edu.al\/index.php\/2025\/05\/30\/njoftim-per-fillimin-e-procedurave-te-konkurrimit-mesues-per-shqiperine-2025\/\" class=\"_blank\" target=\"_blank\" >NJOFTIM P\u00cbR FILLIMIN E PROCEDURAVE T\u00cb KONKURRIMIT \u201cM\u00cbSUES P\u00cbR SHQIP\u00cbRIN\u00cb\u201d 2025<\/a><\/h4><\/div><\/div>\n<div class=\"col-md-12 col-sm-12 col-xs-12 pt-cv-content-item pt-cv-1-col\" ><div class='pt-cv-ifield'><h4 class=\"pt-cv-title\"><a href=\"http:\/\/zvashijak.edu.al\/index.php\/2023\/08\/21\/mbi-regjistrimet-ne-institucionet-e-arsimit-parauniversitar-per-vitin-shkollor-2023-2024\/\" class=\"_blank\" target=\"_blank\" >Mbi regjistrimet n\u00eb institucionet e arsimit parauniversitar p\u00ebr vitin shkollor 2023-2024<\/a><\/h4><\/div><\/div>\n<div class=\"col-md-12 col-sm-12 col-xs-12 pt-cv-content-item pt-cv-1-col\" ><div class='pt-cv-ifield'><h4 class=\"pt-cv-title\"><a href=\"http:\/\/zvashijak.edu.al\/index.php\/2023\/07\/26\/njoftim-mbi-shtyrjen-e-afatit-per-kryerjen-e-procesit-te-levizjeve-paralele-ne-institucionet-e-arsimit-parauniversitar\/\" class=\"_blank\" target=\"_blank\" >Njoftim mbi shtyrjen e afatit p\u00ebr kryerjen e procesit t\u00eb l\u00ebvizjeve paralele n\u00eb institucionet e arsimit parauniversitar.<\/a><\/h4><\/div><\/div><\/div><\/div><\/div>\r\n<p>&nbsp;<\/p>\r\n<p>&nbsp;<\/p>\r\n<p>&nbsp;<\/p>\r\n","protected":false},"excerpt":{"rendered":"<p>Njoftimi ZVAP Shijak p\u00ebr kualifikimin e mesuesve\u00a0 2025-2026\u00a0 Njoftim-per-Aplikimin-per-Pjesemarrje-ne-Provimin-e-Shtetit-ne-Profesionin-e-Rregulluar-te-Mesuesit-Sezoni-XX koordinatoret f2 Lista e kandiateve shpallje koordiantor cilesie karriere 15.10.2024 Gjuhe Frenge 2024\u00a0 Gjuha Frenge 2024 pikezimi Lista koordinator cilesie, karriere 2024-2025 ZVAP SHIJAK Lista e portalit 2024-2025 AF PIKEZIMI shpallje koordiantor cilesie karriere 20.09.2024 ZVAP Shijak\u00a0 Vende te lira ZVAP Shijak 2024-2025\u00a0 Njoftimi dhe lista &hellip;<\/p>\n<p class=\"read-more\"> <a class=\"\" href=\"http:\/\/zvashijak.edu.al\/index.php\/njoftime\/\"> <span class=\"screen-reader-text\">NJOFTIME<\/span> Read More &raquo;<\/a><\/p>\n","protected":false},"author":1,"featured_media":0,"parent":0,"menu_order":0,"comment_status":"closed","ping_status":"closed","template":"","meta":{"site-sidebar-layout":"right-sidebar","site-content-layout":"content-boxed-container","ast-main-header-display":"","ast-hfb-above-header-display":"","ast-hfb-below-header-display":"","ast-hfb-mobile-header-display":"","site-post-title":"disabled","ast-breadcrumbs-content":"","ast-featured-img":"disabled","footer-sml-layout":"","theme-transparent-header-meta":"default","adv-header-id-meta":"","stick-header-meta":"","header-above-stick-meta":"","header-main-stick-meta":"","header-below-stick-meta":"","footnotes":""},"class_list":["post-34","page","type-page","status-publish","hentry"],"_links":{"self":[{"href":"http:\/\/zvashijak.edu.al\/index.php\/wp-json\/wp\/v2\/pages\/34","targetHints":{"allow":["GET"]}}],"collection":[{"href":"http:\/\/zvashijak.edu.al\/index.php\/wp-json\/wp\/v2\/pages"}],"about":[{"href":"http:\/\/zvashijak.edu.al\/index.php\/wp-json\/wp\/v2\/types\/page"}],"author":[{"embeddable":true,"href":"http:\/\/zvashijak.edu.al\/index.php\/wp-json\/wp\/v2\/users\/1"}],"replies":[{"embeddable":true,"href":"http:\/\/zvashijak.edu.al\/index.php\/wp-json\/wp\/v2\/comments?post=34"}],"version-history":[{"count":60,"href":"http:\/\/zvashijak.edu.al\/index.php\/wp-json\/wp\/v2\/pages\/34\/revisions"}],"predecessor-version":[{"id":539,"href":"http:\/\/zvashijak.edu.al\/index.php\/wp-json\/wp\/v2\/pages\/34\/revisions\/539"}],"wp:attachment":[{"href":"http:\/\/zvashijak.edu.al\/index.php\/wp-json\/wp\/v2\/media?parent=34"}],"curies":[{"name":"wp","href":"https:\/\/api.w.org\/{rel}","templated":true}]}}