{"id":38,"date":"2022-04-13T09:52:00","date_gmt":"2022-04-13T09:52:00","guid":{"rendered":"http:\/\/zvavore.edu.al\/?page_id=38"},"modified":"2022-05-18T09:06:13","modified_gmt":"2022-05-18T09:06:13","slug":"institucionet-arsimore","status":"publish","type":"page","link":"http:\/\/zvashijak.edu.al\/index.php\/institucionet-arsimore\/","title":{"rendered":"INSTITUCIONET ARSIMORE"},"content":{"rendered":"<table width=\"571\">\n<tbody>\n<tr>\n<td width=\"49\"><\/td>\n<td colspan=\"2\" width=\"522\">Lista e institucioneve arsimore n\u00eb Var\u00ebsi t\u00eb ZVAP Shijak<\/td>\n<\/tr>\n<tr>\n<td>Nr<\/td>\n<td>Bashkia\/Nj\u00ebsia Administrative<\/td>\n<td>Institucioni Arsimor<\/td>\n<\/tr>\n<tr>\n<td>1<\/td>\n<td>Shijak<\/td>\n<td>Shkolla 9-vje\u00e7are\u00a0 Muharrem Dollaku<\/td>\n<\/tr>\n<tr>\n<td>2<\/td>\n<td>Shijak<\/td>\n<td>Shkolla 9- vje\u00e7are Lidhja e Prizrenit<\/td>\n<\/tr>\n<tr>\n<td>3<\/td>\n<td>Shijak<\/td>\n<td>\u00a0Shkolla\u00a0 9- vje\u00e7are Petrit Llaftiu<\/td>\n<\/tr>\n<tr>\n<td>4<\/td>\n<td>Shijak<\/td>\n<td>Gjimnazi &#8220;16 Shtatori&#8221; Shijak<\/td>\n<\/tr>\n<tr>\n<td>5<\/td>\n<td>Xhafzotaj<\/td>\n<td>Shkolla 9- vje\u00e7are Adem Sabli, Borake<\/td>\n<\/tr>\n<tr>\n<td>6<\/td>\n<td>Xhafzotaj<\/td>\n<td>Shkolla 9 vje\u00e7are Rilindja , Sallmone<\/td>\n<\/tr>\n<tr>\n<td>7<\/td>\n<td>Xhafzotaj<\/td>\n<td>Shkolla 9 vje\u00e7are Isa Domi , Pjeze<\/td>\n<\/tr>\n<tr>\n<td>8<\/td>\n<td>Xhafzotaj<\/td>\n<td>\u00a0Shkolla 9 vje\u00e7are Muharrem Plaku<\/td>\n<\/tr>\n<tr>\n<td>9<\/td>\n<td>Xhafzotaj<\/td>\n<td>Shkolla 9 vje\u00e7are Hid\u00ebr Koka<\/td>\n<\/tr>\n<tr>\n<td>10<\/td>\n<td>Gjepalaj<\/td>\n<td>Shkolla 9- vje\u00e7are Hamza Shahini Gjepalaj<\/td>\n<\/tr>\n<tr>\n<td>11<\/td>\n<td>Gjepalaj<\/td>\n<td>Shkolla 9- vje\u00e7are Shaban\u00a0 Shahini Shtraz\u00eb (Vart\u00ebse)<\/td>\n<\/tr>\n<tr>\n<td>12<\/td>\n<td>Gjepalaj<\/td>\n<td>Shkolla 9 vje\u00e7are \u201cKavajt\u201d Ardhisht<\/td>\n<\/tr>\n<tr>\n<td>13<\/td>\n<td>Gjepalaj<\/td>\n<td>Shkolla Cikli i Ulet Shetel (Vartes\u00eb)<\/td>\n<\/tr>\n<tr>\n<td>14<\/td>\n<td>Maminas<\/td>\n<td>Shkolla 9- vje\u00e7are Hamza Vlashi\u00a0 Maminas<\/td>\n<\/tr>\n<tr>\n<td>15<\/td>\n<td>Maminas<\/td>\n<td>Shkolla 9 vj\u00e7are Rrubjeke<\/td>\n<\/tr>\n<tr>\n<td>16<\/td>\n<td>Maminas<\/td>\n<td>Gjimnazi &#8220;Kajo Karafili &#8221; Mamimas<\/td>\n<\/tr>\n<\/tbody>\n<\/table>\n","protected":false},"excerpt":{"rendered":"<p>Lista e institucioneve arsimore n\u00eb Var\u00ebsi t\u00eb ZVAP Shijak Nr Bashkia\/Nj\u00ebsia Administrative Institucioni Arsimor 1 Shijak Shkolla 9-vje\u00e7are\u00a0 Muharrem Dollaku 2 Shijak Shkolla 9- vje\u00e7are Lidhja e Prizrenit 3 Shijak \u00a0Shkolla\u00a0 9- vje\u00e7are Petrit Llaftiu 4 Shijak Gjimnazi &#8220;16 Shtatori&#8221; Shijak 5 Xhafzotaj Shkolla 9- vje\u00e7are Adem Sabli, Borake 6 Xhafzotaj Shkolla 9 vje\u00e7are Rilindja &hellip;<\/p>\n<p class=\"read-more\"> <a class=\"\" href=\"http:\/\/zvashijak.edu.al\/index.php\/institucionet-arsimore\/\"> <span class=\"screen-reader-text\">INSTITUCIONET ARSIMORE<\/span> Read More &raquo;<\/a><\/p>\n","protected":false},"author":1,"featured_media":0,"parent":0,"menu_order":0,"comment_status":"closed","ping_status":"closed","template":"","meta":{"site-sidebar-layout":"default","site-content-layout":"default","ast-main-header-display":"","ast-hfb-above-header-display":"","ast-hfb-below-header-display":"","ast-hfb-mobile-header-display":"","site-post-title":"","ast-breadcrumbs-content":"","ast-featured-img":"","footer-sml-layout":"","theme-transparent-header-meta":"default","adv-header-id-meta":"","stick-header-meta":"","header-above-stick-meta":"","header-main-stick-meta":"","header-below-stick-meta":"","footnotes":""},"class_list":["post-38","page","type-page","status-publish","hentry"],"_links":{"self":[{"href":"http:\/\/zvashijak.edu.al\/index.php\/wp-json\/wp\/v2\/pages\/38","targetHints":{"allow":["GET"]}}],"collection":[{"href":"http:\/\/zvashijak.edu.al\/index.php\/wp-json\/wp\/v2\/pages"}],"about":[{"href":"http:\/\/zvashijak.edu.al\/index.php\/wp-json\/wp\/v2\/types\/page"}],"author":[{"embeddable":true,"href":"http:\/\/zvashijak.edu.al\/index.php\/wp-json\/wp\/v2\/users\/1"}],"replies":[{"embeddable":true,"href":"http:\/\/zvashijak.edu.al\/index.php\/wp-json\/wp\/v2\/comments?post=38"}],"version-history":[{"count":3,"href":"http:\/\/zvashijak.edu.al\/index.php\/wp-json\/wp\/v2\/pages\/38\/revisions"}],"predecessor-version":[{"id":207,"href":"http:\/\/zvashijak.edu.al\/index.php\/wp-json\/wp\/v2\/pages\/38\/revisions\/207"}],"wp:attachment":[{"href":"http:\/\/zvashijak.edu.al\/index.php\/wp-json\/wp\/v2\/media?parent=38"}],"curies":[{"name":"wp","href":"https:\/\/api.w.org\/{rel}","templated":true}]}}