{"id":40,"date":"2022-04-13T09:52:17","date_gmt":"2022-04-13T09:52:17","guid":{"rendered":"http:\/\/zvavore.edu.al\/?page_id=40"},"modified":"2024-07-22T13:34:18","modified_gmt":"2024-07-22T13:34:18","slug":"punesimi-mesues-per-shqiperine","status":"publish","type":"page","link":"http:\/\/zvashijak.edu.al\/index.php\/punesimi-mesues-per-shqiperine\/","title":{"rendered":"PUN\u00cbSIMI &#8220;MESUES PER SHQIPERINE&#8221;"},"content":{"rendered":"<p>Njoftimi dhe lista paraprake e Levizjeve Paralele 2024 <a href=\"http:\/\/zvashijak.edu.al\/wp-content\/uploads\/2024\/07\/Lista-paraprake-e-levizjeve-paralele-me-deshire-2024.pdf\">Lista-paraprake-e-levizjeve-paralele-me-deshire-2024<\/a> \u00a0\u00a0<a href=\"http:\/\/zvashijak.edu.al\/wp-content\/uploads\/2024\/07\/Njoftim.pdf\">Njoftim<\/a><\/p>\n<p>&nbsp;<\/p>\n<p>&nbsp;<\/p>\n<p>Sqarime rreth aplikimit p\u00ebr konkurrim \u201cM\u00ebsues p\u00ebr Shqip\u00ebrin\u00eb\u201d 2024<\/p>\n<p>Kandidatet t\u00eb cil\u00ebve iu shfaqet mesazhi \u201cJu nuk rezultoni t\u00eb keni kryer provim\u201d, n\u00eb m\u00ebnyr\u00eb q\u00eb t\u00eb iu shfaqen pik\u00ebt e portalit t\u00eb m\u00ebparsh\u00ebm, ju lutem p\u00ebrzgjidhni fillimisht profilin p\u00ebr t\u00eb cilin po aplikoni.<br \/>\nKandidatet t\u00eb cil\u00ebt duan t\u00eb aplikojn\u00eb p\u00ebr dy profile, lutem aplikoni fillimisht n\u00eb profilin q\u00eb keni licence dhe m\u00eb pas aplikoni p\u00ebr profilin tjet\u00ebr.<\/p>\n<p>N\u00ebse hasni v\u00ebshtir\u00ebsi apo k\u00ebrkoni ndihm\u00eb lutem plot\u00ebsoni form\u00ebn m\u00eb posht\u00eb:<\/p>\n<p><a href=\"https:\/\/docs.google.com\/forms\/d\/e\/1FAIpQLSfGISIOpAKLeqOEx_DMMdyj6C767JuIAY1pqEQ07Qiiwr0iag\/viewform\">https:\/\/docs.google.com\/forms\/d\/e\/1FAIpQLSfGISIOpAKLeqOEx_DMMdyj6C767JuIAY1pqEQ07Qiiwr0iag\/viewform<\/a><\/p>\n<p>&nbsp;<\/p>\n<p>&nbsp;<\/p>\n<p>Njoftim p\u00ebr procedur\u00ebn e aplikimit n\u00eb portalin M\u00ebsues p\u00ebr Shqip\u00ebrin\u00eb <a href=\"http:\/\/zvashijak.edu.al\/wp-content\/uploads\/2024\/07\/Njoftim-procedura-Portali-mesues-per-shqiperine-.pdf\">Njoftim procedura Portali mesues per shqiperine<\/a> 2024-2025<\/p>\n<p>Njoftim p\u00ebr l\u00ebvizjen paralele viti shkollor\u00a0 \u00a02024-2025<\/p>\n<p><a href=\"https:\/\/durres.arsimiparauniversitar.gov.al\/njoftim-per-levizjet-paralele-me-deshire-per-punjonjesit-mesimor-ne-vartesi-te-drap-durres\/\">https:\/\/durres.arsimiparauniversitar.gov.al\/njoftim-per-levizjet-paralele-me-deshire-per-punjonjesit-mesimor-ne-vartesi-te-drap-durres\/<\/a><\/p>\n<p>&nbsp;<\/p>\n<p>&nbsp;<\/p>\n<p><a href=\"http:\/\/zvashijak.edu.al\/wp-content\/uploads\/2023\/09\/ZVA-Shijak.pdf\">ZVA Shijak<\/a> Portali<\/p>\n<p><a href=\"http:\/\/zvashijak.edu.al\/wp-content\/uploads\/2023\/05\/Portali-Mesues-per-Shqiperine-2023-2024-.pdf\">Njoftimet e\u00a0 Portali M\u00ebsues p\u00ebr Shqip\u00ebrine 2023-2024<\/a> <a href=\"http:\/\/zvashijak.edu.al\/wp-content\/uploads\/2023\/05\/Procedurat-e-konkurimitPortali-mesues-per-Shqiperine-2023-2024-.pdf\">Procedurat e konkurimitPortali mesues per Shqiperine 2023-2024<\/a><\/p>\n<p>&nbsp;<\/p>\n<p>Kalendari i\u00a0 testimit t\u00eb informatizuar\u00a0 Portali\u00a0 &#8221; M\u00ebsues p\u00ebr Shqip\u00ebrin\u00eb&#8221; 2022 <a href=\"http:\/\/zvashijak.edu.al\/wp-content\/uploads\/2022\/07\/Kalendari-i-Testimit-te-Informatizuar-Portal-2022-i-perditesuar.pdf\">Kalendari i Testimit te Informatizuar Portal 2022 <\/a><\/p>\n<p>&nbsp;<\/p>\n<p><a href=\"http:\/\/zvashijak.edu.al\/wp-content\/uploads\/2022\/06\/ARSIMI-PARASHKOLLOR-ZVAP-SHIJAK.pdf\">LISTA E KANDIDATEVE T\u00cb ARSIMI PARASHKOLLOR ZVAP SHIJAK<\/a><\/p>\n<p><a href=\"http:\/\/zvashijak.edu.al\/wp-content\/uploads\/2022\/06\/Shkresa-e-DRAP-Per-portalin.pdf\">Shkresa e DRAP Per portalin 2022-2023<\/a><\/p>\n","protected":false},"excerpt":{"rendered":"<p>Njoftimi dhe lista paraprake e Levizjeve Paralele 2024 Lista-paraprake-e-levizjeve-paralele-me-deshire-2024 \u00a0\u00a0Njoftim &nbsp; &nbsp; Sqarime rreth aplikimit p\u00ebr konkurrim \u201cM\u00ebsues p\u00ebr Shqip\u00ebrin\u00eb\u201d 2024 Kandidatet t\u00eb cil\u00ebve iu shfaqet mesazhi \u201cJu nuk rezultoni t\u00eb keni kryer provim\u201d, n\u00eb m\u00ebnyr\u00eb q\u00eb t\u00eb iu shfaqen pik\u00ebt e portalit t\u00eb m\u00ebparsh\u00ebm, ju lutem p\u00ebrzgjidhni fillimisht profilin p\u00ebr t\u00eb cilin po aplikoni. &hellip;<\/p>\n<p class=\"read-more\"> <a class=\"\" href=\"http:\/\/zvashijak.edu.al\/index.php\/punesimi-mesues-per-shqiperine\/\"> <span class=\"screen-reader-text\">PUN\u00cbSIMI &#8220;MESUES PER SHQIPERINE&#8221;<\/span> Read More &raquo;<\/a><\/p>\n","protected":false},"author":1,"featured_media":0,"parent":0,"menu_order":0,"comment_status":"closed","ping_status":"closed","template":"","meta":{"site-sidebar-layout":"right-sidebar","site-content-layout":"content-boxed-container","ast-main-header-display":"","ast-hfb-above-header-display":"","ast-hfb-below-header-display":"","ast-hfb-mobile-header-display":"","site-post-title":"disabled","ast-breadcrumbs-content":"","ast-featured-img":"disabled","footer-sml-layout":"","theme-transparent-header-meta":"default","adv-header-id-meta":"","stick-header-meta":"","header-above-stick-meta":"","header-main-stick-meta":"","header-below-stick-meta":"","footnotes":""},"class_list":["post-40","page","type-page","status-publish","hentry"],"_links":{"self":[{"href":"http:\/\/zvashijak.edu.al\/index.php\/wp-json\/wp\/v2\/pages\/40","targetHints":{"allow":["GET"]}}],"collection":[{"href":"http:\/\/zvashijak.edu.al\/index.php\/wp-json\/wp\/v2\/pages"}],"about":[{"href":"http:\/\/zvashijak.edu.al\/index.php\/wp-json\/wp\/v2\/types\/page"}],"author":[{"embeddable":true,"href":"http:\/\/zvashijak.edu.al\/index.php\/wp-json\/wp\/v2\/users\/1"}],"replies":[{"embeddable":true,"href":"http:\/\/zvashijak.edu.al\/index.php\/wp-json\/wp\/v2\/comments?post=40"}],"version-history":[{"count":11,"href":"http:\/\/zvashijak.edu.al\/index.php\/wp-json\/wp\/v2\/pages\/40\/revisions"}],"predecessor-version":[{"id":461,"href":"http:\/\/zvashijak.edu.al\/index.php\/wp-json\/wp\/v2\/pages\/40\/revisions\/461"}],"wp:attachment":[{"href":"http:\/\/zvashijak.edu.al\/index.php\/wp-json\/wp\/v2\/media?parent=40"}],"curies":[{"name":"wp","href":"https:\/\/api.w.org\/{rel}","templated":true}]}}