{"id":7,"date":"2022-04-12T14:04:17","date_gmt":"2022-04-12T14:04:17","guid":{"rendered":"http:\/\/zvavore.edu.al\/?page_id=7"},"modified":"2023-10-27T09:17:57","modified_gmt":"2023-10-27T09:17:57","slug":"kreu","status":"publish","type":"page","link":"https:\/\/zvashijak.edu.al\/","title":{"rendered":"Kreu"},"content":{"rendered":"\n\n\t\n\t<p><b>Mir\u00ebsevini  n\u00eb faqen zyrtare  t\u00eb Zyr\u00ebs Vendore  Arsimore Parauniversitare  Shijak<\/b><\/p>\n<h1>Falenderojme drejtuesit e\u00a0<em>ZVA SHIJAK<\/em>, perfaqesuesit e pushtetit vendor dhe qendror, prinderit dhe Bordin e shkolles, per pjesemarrjen ne organizimin.<\/h1>\n\t\t\t\t<img decoding=\"async\" src=\"http:\/\/zvashijak.edu.al\/wp-content\/uploads\/2022\/04\/ZVA-VORE.jpg\" alt=\"ZVA-VORE\" itemprop=\"image\" title=\"ZVA-VORE\" onerror=\"this.style.display='none'\"  \/>\n\t<h4><strong>Dita Nd\u00ebrkomb\u00ebtare e Sportit p\u00ebr Zhvillim dhe Paqe<\/strong><\/h4>\n<p>Dita Nd\u00ebrkomb\u00ebtare e Sportit p\u00ebr Zhvillim dhe Paqe (IDSDP) \u00ebsht\u00eb nj\u00eb fest\u00eb e p\u00ebrvitshme q\u00eb kujton fuqin\u00eb e sportit p\u00ebr t\u00eb nxitur ndryshimet n\u00eb shoq\u00ebri, zhvillimin e komunitetit dhe p\u00ebr t\u00eb nxitur paqen dhe mir\u00ebkuptimin.<\/p>\n<p><strong>P\u00ebr m\u00eb shum\u00eb lexoni\u00a0k\u00ebtu<\/strong><\/p>\n<h6><a href=\"https:\/\/mesuespershqiperine.al\/\">MesuesitPerShqiperine.AL<\/a><\/h6>\n<p><img loading=\"lazy\" decoding=\"async\" src=\"http:\/\/zvavore.edu.al\/wp-content\/uploads\/2022\/04\/mesuespershqiperine.png\" alt=\"\" width=\"180\" height=\"120\" \/><\/p>\n<h4><a><strong>PROGRAMI<br \/>I<br \/>TRANSPARENCES<\/strong><\/a><\/h4>\n<h4>PUBLIKIMET E FUNDIT<\/h4>\n<div class=\"pt-cv-wrapper\"><div class=\"pt-cv-view pt-cv-grid pt-cv-colsys\" id=\"pt-cv-view-8f86eee8kz\"><div data-id=\"pt-cv-page-1\" class=\"pt-cv-page\" data-cvc=\"1\"><div class=\"col-md-12 col-sm-12 col-xs-12 pt-cv-content-item pt-cv-1-col\" ><div class='pt-cv-ifield'><h4 class=\"pt-cv-title\"><a href=\"https:\/\/zvashijak.edu.al\/index.php\/2025\/09\/04\/njoftim-per-kandidatet-e-interesuar\/\" class=\"_blank\" target=\"_blank\" >Njoftim p\u00ebr kandidat\u00ebt e interesuar<\/a><\/h4><\/div><\/div>\n<div class=\"col-md-12 col-sm-12 col-xs-12 pt-cv-content-item pt-cv-1-col\" ><div class='pt-cv-ifield'><h4 class=\"pt-cv-title\"><a href=\"https:\/\/zvashijak.edu.al\/index.php\/2025\/07\/14\/njoftim-mbi-realizimin-e-procedurave-te-konkurimit-per-mesues-koordinator-per-sigurimin-e-cilesise-dhe-keshillim-karriere\/\" class=\"_blank\" target=\"_blank\" >NJOFTIM MBI  REALIZIMIN E PROCEDURAVE  TE KONKURIMIT PER MESUES  KOORDINATOR  PER SIGURIMIN E  CILESISE DHE KESHILLIM KARRIERE<\/a><\/h4><\/div><\/div>\n<div class=\"col-md-12 col-sm-12 col-xs-12 pt-cv-content-item pt-cv-1-col\" ><div class='pt-cv-ifield'><h4 class=\"pt-cv-title\"><a href=\"https:\/\/zvashijak.edu.al\/index.php\/2022\/04\/14\/publikimi-8\/\" class=\"_blank\" target=\"_blank\" >Publikimi 8<\/a><\/h4><\/div><\/div>\n<div class=\"col-md-12 col-sm-12 col-xs-12 pt-cv-content-item pt-cv-1-col\" ><div class='pt-cv-ifield'><h4 class=\"pt-cv-title\"><a href=\"https:\/\/zvashijak.edu.al\/index.php\/2022\/04\/14\/publikimi-7\/\" class=\"_blank\" target=\"_blank\" >Publikimi 7<\/a><\/h4><\/div><\/div><\/div><\/div><\/div>\n<h4>PRIORITETE ZVA SHIJAK<\/h4>\n<div class=\"pt-cv-wrapper\"><div class=\"pt-cv-view pt-cv-grid pt-cv-colsys\" id=\"pt-cv-view-dc2d8c5tmk\"><div data-id=\"pt-cv-page-1\" class=\"pt-cv-page\" data-cvc=\"1\"><div class=\"col-md-12 col-sm-12 col-xs-12 pt-cv-content-item pt-cv-1-col\" ><div class='pt-cv-ifield'><h4 class=\"pt-cv-title\"><a href=\"https:\/\/zvashijak.edu.al\/index.php\/2022\/04\/14\/publikimi-6\/\" class=\"_self\" target=\"_self\" >Publikimi 6<\/a><\/h4><\/div><\/div><\/div><\/div><\/div>\n\t\t\t\t<img decoding=\"async\" src=\"http:\/\/zvashijak.edu.al\/wp-content\/uploads\/2022\/04\/125489419_675072659819563_5151120057267745740_n.jpg\" alt=\"125489419_675072659819563_5151120057267745740_n\" itemprop=\"image\" title=\"125489419_675072659819563_5151120057267745740_n\" onerror=\"this.style.display='none'\"  \/>\n\t<p><strong>Dita e c\u0327lirimit te\u0308 Shijakut! <img loading=\"lazy\" decoding=\"async\" src=\"https:\/\/static.xx.fbcdn.net\/images\/emoji.php\/v9\/ta2\/1\/16\/1f450_1f3fb.png\" alt=\"\ud83d\udc50\ud83c\udffb\" width=\"16\" height=\"16\" \/><img loading=\"lazy\" decoding=\"async\" src=\"https:\/\/static.xx.fbcdn.net\/images\/emoji.php\/v9\/t42\/1\/16\/1f1e6_1f1f1.png\" alt=\"\ud83c\udde6\ud83c\uddf1\" width=\"16\" height=\"16\" \/><\/strong><\/p>\n<p><img loading=\"lazy\" decoding=\"async\" src=\"https:\/\/static.xx.fbcdn.net\/images\/emoji.php\/v9\/tac\/1\/16\/1f4cc.png\" alt=\"\ud83d\udccc\" width=\"16\" height=\"16\" \/> Guximi dhe vendosme\u0308ria e <strong>te\u0308 pare\u0308ve tane\u0308<\/strong> na dhuroi neve, bije\u0308ve te\u0308 tyre, lirine\u0308. Ndaj ne, sot me shume\u0308 se kurre\u0308 duhet te\u0308 ndjekim shembullin e tyre dhe <strong>te\u0308 luftojme\u0308 se\u0308 bashku armikun Covid-19<\/strong> pe\u0308r te\u0308 fituar lirine\u0308 tone\u0308 nese\u0308r, pe\u0308r tu p\u00ebrqafuar se\u0308risht.\u00a0<img loading=\"lazy\" decoding=\"async\" src=\"https:\/\/static.xx.fbcdn.net\/images\/emoji.php\/v9\/tb7\/1\/16\/1f917.png\" alt=\"\ud83e\udd17\" width=\"16\" height=\"16\" \/><\/p>\n<p>Duke <strong>respektuar rregullat baze\u0308<\/strong> ne mund te\u0308 fitojme\u0308 ke\u0308te\u0308 lufte\u0308.\u00a0<img loading=\"lazy\" decoding=\"async\" src=\"https:\/\/static.xx.fbcdn.net\/images\/emoji.php\/v9\/t32\/1\/16\/1f637.png\" alt=\"\ud83d\ude37\" width=\"16\" height=\"16\" \/><img loading=\"lazy\" decoding=\"async\" src=\"https:\/\/static.xx.fbcdn.net\/images\/emoji.php\/v9\/t6d\/1\/16\/1f9cd_1f3fb.png\" alt=\"\ud83e\uddcd\ud83c\udffb\" width=\"16\" height=\"16\" \/><img loading=\"lazy\" decoding=\"async\" src=\"https:\/\/static.xx.fbcdn.net\/images\/emoji.php\/v9\/t4b\/1\/16\/2796.png\" alt=\"\u2796\" width=\"16\" height=\"16\" \/><img loading=\"lazy\" decoding=\"async\" src=\"https:\/\/static.xx.fbcdn.net\/images\/emoji.php\/v9\/t5b\/1\/16\/1f9cd_1f3fb_200d_2640.png\" alt=\"\ud83e\uddcd\ud83c\udffb\u200d\u2640\ufe0f\" width=\"16\" height=\"16\" \/><\/p>\n<p>&nbsp;<\/p>\n\n","protected":false},"excerpt":{"rendered":"<p>Mir\u00ebsevini n\u00eb faqen zyrtare t\u00eb Zyr\u00ebs Vendore Arsimore Parauniversitare Shijak Falenderojme drejtuesit e\u00a0ZVA SHIJAK, perfaqesuesit e pushtetit vendor dhe qendror, prinderit dhe Bordin e shkolles, per pjesemarrjen ne organizimin. Dita Nd\u00ebrkomb\u00ebtare e Sportit p\u00ebr Zhvillim dhe Paqe Dita Nd\u00ebrkomb\u00ebtare e Sportit p\u00ebr Zhvillim dhe Paqe (IDSDP) \u00ebsht\u00eb nj\u00eb fest\u00eb e p\u00ebrvitshme q\u00eb kujton fuqin\u00eb e &hellip;<\/p>\n<p class=\"read-more\"> <a class=\"\" href=\"https:\/\/zvashijak.edu.al\/\"> <span class=\"screen-reader-text\">Kreu<\/span> Read More &raquo;<\/a><\/p>\n","protected":false},"author":1,"featured_media":0,"parent":0,"menu_order":0,"comment_status":"closed","ping_status":"closed","template":"","meta":{"site-sidebar-layout":"no-sidebar","site-content-layout":"content-boxed-container","ast-main-header-display":"","ast-hfb-above-header-display":"","ast-hfb-below-header-display":"","ast-hfb-mobile-header-display":"","site-post-title":"disabled","ast-breadcrumbs-content":"","ast-featured-img":"disabled","footer-sml-layout":"","theme-transparent-header-meta":"default","adv-header-id-meta":"","stick-header-meta":"","header-above-stick-meta":"","header-main-stick-meta":"","header-below-stick-meta":"","footnotes":""},"class_list":["post-7","page","type-page","status-publish","hentry"],"_links":{"self":[{"href":"https:\/\/zvashijak.edu.al\/index.php\/wp-json\/wp\/v2\/pages\/7","targetHints":{"allow":["GET"]}}],"collection":[{"href":"https:\/\/zvashijak.edu.al\/index.php\/wp-json\/wp\/v2\/pages"}],"about":[{"href":"https:\/\/zvashijak.edu.al\/index.php\/wp-json\/wp\/v2\/types\/page"}],"author":[{"embeddable":true,"href":"https:\/\/zvashijak.edu.al\/index.php\/wp-json\/wp\/v2\/users\/1"}],"replies":[{"embeddable":true,"href":"https:\/\/zvashijak.edu.al\/index.php\/wp-json\/wp\/v2\/comments?post=7"}],"version-history":[{"count":41,"href":"https:\/\/zvashijak.edu.al\/index.php\/wp-json\/wp\/v2\/pages\/7\/revisions"}],"predecessor-version":[{"id":397,"href":"https:\/\/zvashijak.edu.al\/index.php\/wp-json\/wp\/v2\/pages\/7\/revisions\/397"}],"wp:attachment":[{"href":"https:\/\/zvashijak.edu.al\/index.php\/wp-json\/wp\/v2\/media?parent=7"}],"curies":[{"name":"wp","href":"https:\/\/api.w.org\/{rel}","templated":true}]}}